{"id":29,"date":"2023-01-12T09:07:29","date_gmt":"2023-01-12T09:07:29","guid":{"rendered":"http:\/\/imft.ftn.uns.ac.rs\/ssip2017\/?page_id=29"},"modified":"2023-01-12T13:47:17","modified_gmt":"2023-01-12T13:47:17","slug":"projects","status":"publish","type":"page","link":"http:\/\/imft.ftn.uns.ac.rs\/ssip2017\/projects\/","title":{"rendered":"PROJECTS"},"content":{"rendered":"\t\t<div data-elementor-type=\"wp-page\" data-elementor-id=\"29\" class=\"elementor elementor-29\">\n\t\t\t\t\t\t\t\t\t<section class=\"elementor-section elementor-top-section elementor-element elementor-element-1b28473c elementor-section-boxed elementor-section-height-default elementor-section-height-default\" data-id=\"1b28473c\" data-element_type=\"section\">\n\t\t\t\t\t\t<div class=\"elementor-container elementor-column-gap-default\">\n\t\t\t\t\t<div class=\"elementor-column elementor-col-50 elementor-top-column elementor-element elementor-element-349c9f8\" data-id=\"349c9f8\" data-element_type=\"column\">\n\t\t\t<div class=\"elementor-widget-wrap elementor-element-populated\">\n\t\t\t\t\t\t\t\t<div class=\"elementor-element elementor-element-37b5e690 elementor-widget elementor-widget-heading\" data-id=\"37b5e690\" data-element_type=\"widget\" data-widget_type=\"heading.default\">\n\t\t\t\t<div class=\"elementor-widget-container\">\n\t\t\t<style>\/*! elementor - v3.10.0 - 09-01-2023 *\/\n.elementor-heading-title{padding:0;margin:0;line-height:1}.elementor-widget-heading .elementor-heading-title[class*=elementor-size-]>a{color:inherit;font-size:inherit;line-height:inherit}.elementor-widget-heading .elementor-heading-title.elementor-size-small{font-size:15px}.elementor-widget-heading .elementor-heading-title.elementor-size-medium{font-size:19px}.elementor-widget-heading .elementor-heading-title.elementor-size-large{font-size:29px}.elementor-widget-heading .elementor-heading-title.elementor-size-xl{font-size:39px}.elementor-widget-heading .elementor-heading-title.elementor-size-xxl{font-size:59px}<\/style><h2 class=\"elementor-heading-title elementor-size-default\"><a href=\"http:\/\/imft.ftn.uns.ac.rs\/ssip2017\">SSIP 2017<\/a><\/h2>\t\t<\/div>\n\t\t\t\t<\/div>\n\t\t\t\t\t<\/div>\n\t\t<\/div>\n\t\t\t\t<div class=\"elementor-column elementor-col-50 elementor-top-column elementor-element elementor-element-6d0b1c94\" data-id=\"6d0b1c94\" data-element_type=\"column\">\n\t\t\t<div class=\"elementor-widget-wrap elementor-element-populated\">\n\t\t\t\t\t\t\t\t<div class=\"elementor-element elementor-element-6aa98f75 elementor-widget elementor-widget-ekit-nav-menu\" data-id=\"6aa98f75\" data-element_type=\"widget\" data-widget_type=\"ekit-nav-menu.default\">\n\t\t\t\t<div class=\"elementor-widget-container\">\n\t\t\t<div class=\"ekit-wid-con ekit_menu_responsive_tablet\" data-hamburger-icon=\"\" data-hamburger-icon-type=\"icon\" data-responsive-breakpoint=\"1024\">            <button class=\"elementskit-menu-hamburger elementskit-menu-toggler\">\n                                    <span class=\"elementskit-menu-hamburger-icon\"><\/span><span class=\"elementskit-menu-hamburger-icon\"><\/span><span class=\"elementskit-menu-hamburger-icon\"><\/span>\n                            <\/button>\n            <div id=\"ekit-megamenu-manin\" class=\"elementskit-menu-container elementskit-menu-offcanvas-elements elementskit-navbar-nav-default elementskit_line_arrow ekit-nav-menu-one-page-no ekit-nav-dropdown-hover\"><ul id=\"menu-manin\" class=\"elementskit-navbar-nav elementskit-menu-po-left submenu-click-on-icon\"><li id=\"menu-item-9\" class=\"menu-item menu-item-type-post_type menu-item-object-page menu-item-home menu-item-9 nav-item elementskit-mobile-builder-content\" data-vertical-menu=750px><a href=\"http:\/\/imft.ftn.uns.ac.rs\/ssip2017\/\" class=\"ekit-menu-nav-link\">HOME<\/a><\/li>\n<li id=\"menu-item-419\" class=\"menu-item menu-item-type-post_type menu-item-object-page menu-item-419 nav-item elementskit-mobile-builder-content\" data-vertical-menu=750px><a href=\"http:\/\/imft.ftn.uns.ac.rs\/ssip2017\/important-dates\/\" class=\"ekit-menu-nav-link\">IMPORTANT DATES<\/a><\/li>\n<li id=\"menu-item-41\" class=\"menu-item menu-item-type-post_type menu-item-object-page menu-item-41 nav-item elementskit-mobile-builder-content\" data-vertical-menu=750px><a href=\"http:\/\/imft.ftn.uns.ac.rs\/ssip2017\/registration\/\" class=\"ekit-menu-nav-link\">REGISTRATION<\/a><\/li>\n<li id=\"menu-item-43\" class=\"menu-item menu-item-type-post_type menu-item-object-page menu-item-43 nav-item elementskit-mobile-builder-content\" data-vertical-menu=750px><a href=\"http:\/\/imft.ftn.uns.ac.rs\/ssip2017\/program\/\" class=\"ekit-menu-nav-link\">PROGRAM<\/a><\/li>\n<li id=\"menu-item-40\" class=\"menu-item menu-item-type-post_type menu-item-object-page menu-item-40 nav-item elementskit-mobile-builder-content\" data-vertical-menu=750px><a href=\"http:\/\/imft.ftn.uns.ac.rs\/ssip2017\/lecturers\/\" class=\"ekit-menu-nav-link\">LECTURERS<\/a><\/li>\n<li id=\"menu-item-39\" class=\"menu-item menu-item-type-post_type menu-item-object-page menu-item-39 nav-item elementskit-mobile-builder-content\" data-vertical-menu=750px><a href=\"http:\/\/imft.ftn.uns.ac.rs\/ssip2017\/venue\/\" class=\"ekit-menu-nav-link\">VENUE<\/a><\/li>\n<li id=\"menu-item-38\" class=\"menu-item menu-item-type-post_type menu-item-object-page menu-item-38 nav-item elementskit-mobile-builder-content\" data-vertical-menu=750px><a href=\"http:\/\/imft.ftn.uns.ac.rs\/ssip2017\/history\/\" class=\"ekit-menu-nav-link\">HISTORY<\/a><\/li>\n<li id=\"menu-item-37\" class=\"menu-item menu-item-type-post_type menu-item-object-page menu-item-37 nav-item elementskit-mobile-builder-content\" data-vertical-menu=750px><a href=\"http:\/\/imft.ftn.uns.ac.rs\/ssip2017\/committee\/\" class=\"ekit-menu-nav-link\">COMMITTEE<\/a><\/li>\n<li id=\"menu-item-36\" class=\"menu-item menu-item-type-post_type menu-item-object-page menu-item-36 nav-item elementskit-mobile-builder-content\" data-vertical-menu=750px><a href=\"http:\/\/imft.ftn.uns.ac.rs\/ssip2017\/photos\/\" class=\"ekit-menu-nav-link\">PHOTOS<\/a><\/li>\n<li id=\"menu-item-35\" class=\"menu-item menu-item-type-post_type menu-item-object-page menu-item-35 nav-item elementskit-mobile-builder-content\" data-vertical-menu=750px><a href=\"http:\/\/imft.ftn.uns.ac.rs\/ssip2017\/projects\/\" class=\"ekit-menu-nav-link\">PROJECTS<\/a><\/li>\n<\/ul>\n\t\t\t\t<div class=\"elementskit-nav-identity-panel\">\n\t\t\t\t\t<div class=\"elementskit-site-title\">\n\t\t\t\t\t\t<a class=\"elementskit-nav-logo\" href=\"http:\/\/imft.ftn.uns.ac.rs\/ssip2017\" target=\"_self\" rel=\"\">\n                            <img decoding=\"async\" src=\"\" title=\"\" alt=\"\" \/>\n\t\t\t\t\t\t<\/a> \n\t\t\t\t\t<\/div>\n\t\t\t\t\t<button class=\"elementskit-menu-close elementskit-menu-toggler\" type=\"button\">X<\/button>\n\t\t\t\t<\/div>\n\t\t\t<\/div><div class=\"elementskit-menu-overlay elementskit-menu-offcanvas-elements elementskit-menu-toggler ekit-nav-menu--overlay\"><\/div><\/div>\t\t<\/div>\n\t\t\t\t<\/div>\n\t\t\t\t\t<\/div>\n\t\t<\/div>\n\t\t\t\t\t\t\t<\/div>\n\t\t<\/section>\n\t\t\t\t<section class=\"elementor-section elementor-top-section elementor-element elementor-element-7bade70 elementor-section-boxed elementor-section-height-default elementor-section-height-default\" data-id=\"7bade70\" data-element_type=\"section\" data-settings=\"{&quot;background_background&quot;:&quot;classic&quot;}\">\n\t\t\t\t\t\t<div class=\"elementor-container elementor-column-gap-default\">\n\t\t\t\t\t<div class=\"elementor-column elementor-col-100 elementor-top-column elementor-element elementor-element-23e18f8c\" data-id=\"23e18f8c\" data-element_type=\"column\">\n\t\t\t<div class=\"elementor-widget-wrap elementor-element-populated\">\n\t\t\t\t\t\t\t\t<div class=\"elementor-element elementor-element-4cd2109f elementor-widget elementor-widget-spacer\" data-id=\"4cd2109f\" data-element_type=\"widget\" data-widget_type=\"spacer.default\">\n\t\t\t\t<div class=\"elementor-widget-container\">\n\t\t\t<style>\/*! elementor - v3.10.0 - 09-01-2023 *\/\n.elementor-column .elementor-spacer-inner{height:var(--spacer-size)}.e-con{--container-widget-width:100%}.e-con-inner>.elementor-widget-spacer,.e-con>.elementor-widget-spacer{width:var(--container-widget-width,var(--spacer-size));--align-self:var(--container-widget-align-self,initial);--flex-shrink:0}.e-con-inner>.elementor-widget-spacer>.elementor-widget-container,.e-con-inner>.elementor-widget-spacer>.elementor-widget-container>.elementor-spacer,.e-con>.elementor-widget-spacer>.elementor-widget-container,.e-con>.elementor-widget-spacer>.elementor-widget-container>.elementor-spacer{height:100%}.e-con-inner>.elementor-widget-spacer>.elementor-widget-container>.elementor-spacer>.elementor-spacer-inner,.e-con>.elementor-widget-spacer>.elementor-widget-container>.elementor-spacer>.elementor-spacer-inner{height:var(--container-widget-height,var(--spacer-size))}<\/style>\t\t<div class=\"elementor-spacer\">\n\t\t\t<div class=\"elementor-spacer-inner\"><\/div>\n\t\t<\/div>\n\t\t\t\t<\/div>\n\t\t\t\t<\/div>\n\t\t\t\t<div class=\"elementor-element elementor-element-4ccdf54 elementor-widget elementor-widget-text-editor\" data-id=\"4ccdf54\" data-element_type=\"widget\" data-widget_type=\"text-editor.default\">\n\t\t\t\t<div class=\"elementor-widget-container\">\n\t\t\t<style>\/*! elementor - v3.10.0 - 09-01-2023 *\/\n.elementor-widget-text-editor.elementor-drop-cap-view-stacked .elementor-drop-cap{background-color:#818a91;color:#fff}.elementor-widget-text-editor.elementor-drop-cap-view-framed .elementor-drop-cap{color:#818a91;border:3px solid;background-color:transparent}.elementor-widget-text-editor:not(.elementor-drop-cap-view-default) .elementor-drop-cap{margin-top:8px}.elementor-widget-text-editor:not(.elementor-drop-cap-view-default) .elementor-drop-cap-letter{width:1em;height:1em}.elementor-widget-text-editor .elementor-drop-cap{float:left;text-align:center;line-height:1;font-size:50px}.elementor-widget-text-editor .elementor-drop-cap-letter{display:inline-block}<\/style>\t\t\t\t<h3 class=\"ht-main-title\">PROJECTS<\/h3>\t\t\t\t\t\t<\/div>\n\t\t\t\t<\/div>\n\t\t\t\t<div class=\"elementor-element elementor-element-4a2c1bb7 elementor-widget elementor-widget-text-editor\" data-id=\"4a2c1bb7\" data-element_type=\"widget\" data-widget_type=\"text-editor.default\">\n\t\t\t\t<div class=\"elementor-widget-container\">\n\t\t\t\t\t\t\t<p><a href=\"http:\/\/imft.ftn.uns.ac.rs\/ssip2017\/\">Home\u00a0<\/a>\/ Projects<\/p>\t\t\t\t\t\t<\/div>\n\t\t\t\t<\/div>\n\t\t\t\t<div class=\"elementor-element elementor-element-66b28924 elementor-widget elementor-widget-spacer\" data-id=\"66b28924\" data-element_type=\"widget\" data-widget_type=\"spacer.default\">\n\t\t\t\t<div class=\"elementor-widget-container\">\n\t\t\t\t\t<div class=\"elementor-spacer\">\n\t\t\t<div class=\"elementor-spacer-inner\"><\/div>\n\t\t<\/div>\n\t\t\t\t<\/div>\n\t\t\t\t<\/div>\n\t\t\t\t\t<\/div>\n\t\t<\/div>\n\t\t\t\t\t\t\t<\/div>\n\t\t<\/section>\n\t\t\t\t<section class=\"elementor-section elementor-top-section elementor-element elementor-element-78d946f9 elementor-section-boxed elementor-section-height-default elementor-section-height-default\" data-id=\"78d946f9\" data-element_type=\"section\">\n\t\t\t\t\t\t<div class=\"elementor-container elementor-column-gap-default\">\n\t\t\t\t\t<div class=\"elementor-column elementor-col-100 elementor-top-column elementor-element elementor-element-790542ef\" data-id=\"790542ef\" data-element_type=\"column\">\n\t\t\t<div class=\"elementor-widget-wrap elementor-element-populated\">\n\t\t\t\t\t\t\t\t<div class=\"elementor-element elementor-element-03bf218 elementor-widget elementor-widget-spacer\" data-id=\"03bf218\" data-element_type=\"widget\" data-widget_type=\"spacer.default\">\n\t\t\t\t<div class=\"elementor-widget-container\">\n\t\t\t\t\t<div class=\"elementor-spacer\">\n\t\t\t<div class=\"elementor-spacer-inner\"><\/div>\n\t\t<\/div>\n\t\t\t\t<\/div>\n\t\t\t\t<\/div>\n\t\t\t\t\t<\/div>\n\t\t<\/div>\n\t\t\t\t\t\t\t<\/div>\n\t\t<\/section>\n\t\t\t\t<section class=\"elementor-section elementor-top-section elementor-element elementor-element-bb5da8f elementor-section-boxed elementor-section-height-default elementor-section-height-default\" data-id=\"bb5da8f\" data-element_type=\"section\">\n\t\t\t\t\t\t<div class=\"elementor-container elementor-column-gap-default\">\n\t\t\t\t\t<div class=\"elementor-column elementor-col-100 elementor-top-column elementor-element elementor-element-1c1cfc8\" data-id=\"1c1cfc8\" data-element_type=\"column\">\n\t\t\t<div class=\"elementor-widget-wrap elementor-element-populated\">\n\t\t\t\t\t\t\t\t<div class=\"elementor-element elementor-element-06edc84 elementor-widget elementor-widget-text-editor\" data-id=\"06edc84\" data-element_type=\"widget\" data-widget_type=\"text-editor.default\">\n\t\t\t\t<div class=\"elementor-widget-container\">\n\t\t\t\t\t\t\t<h4>Here you can find the\u00a0<span style=\"text-decoration: underline;\"><a href=\"http:\/\/imft.ftn.uns.ac.rs\/ssip2017\/wp-content\/uploads\/2023\/01\/Presentation-PROJECTS-SSIP-17.pdf\" target=\"_blank\" rel=\"noopener\">projects description<\/a><\/span> of the projects you will be working upon during SSIP 2017.<\/h4>\t\t\t\t\t\t<\/div>\n\t\t\t\t<\/div>\n\t\t\t\t\t<\/div>\n\t\t<\/div>\n\t\t\t\t\t\t\t<\/div>\n\t\t<\/section>\n\t\t\t\t<section class=\"elementor-section elementor-top-section elementor-element elementor-element-54f76aa elementor-section-boxed elementor-section-height-default elementor-section-height-default\" data-id=\"54f76aa\" data-element_type=\"section\">\n\t\t\t\t\t\t<div class=\"elementor-container elementor-column-gap-default\">\n\t\t\t\t\t<div class=\"elementor-column elementor-col-50 elementor-top-column elementor-element elementor-element-374c750\" data-id=\"374c750\" data-element_type=\"column\">\n\t\t\t<div class=\"elementor-widget-wrap elementor-element-populated\">\n\t\t\t\t\t\t\t\t<div class=\"elementor-element elementor-element-505ae7c elementor-widget elementor-widget-text-editor\" data-id=\"505ae7c\" data-element_type=\"widget\" data-widget_type=\"text-editor.default\">\n\t\t\t\t<div class=\"elementor-widget-container\">\n\t\t\t\t\t\t\t<h4><strong>Projects division:<\/strong><\/h4>\t\t\t\t\t\t<\/div>\n\t\t\t\t<\/div>\n\t\t\t\t<div class=\"elementor-element elementor-element-a34cdee elementor-widget elementor-widget-text-editor\" data-id=\"a34cdee\" data-element_type=\"widget\" data-widget_type=\"text-editor.default\">\n\t\t\t\t<div class=\"elementor-widget-container\">\n\t\t\t\t\t\t\t<p><a href=\"http:\/\/www.inf.u-szeged.hu\/~hichem\/SSIP2017\/\"><strong>Project 1 ==Best rated Project==<\/strong><\/a><\/p><p>Karlo Koscevic, University of Zagreb<\/p><p>Diana Bocancea, University of Turku, Finland<\/p><p>An\u0111ela \u0160aleti\u0107, University of Montenegro<\/p><p>Hichem Abdellali, University of Szeged<\/p>\t\t\t\t\t\t<\/div>\n\t\t\t\t<\/div>\n\t\t\t\t\t<\/div>\n\t\t<\/div>\n\t\t\t\t<div class=\"elementor-column elementor-col-50 elementor-top-column elementor-element elementor-element-76d7adc\" data-id=\"76d7adc\" data-element_type=\"column\">\n\t\t\t<div class=\"elementor-widget-wrap\">\n\t\t\t\t\t\t\t\t\t<\/div>\n\t\t<\/div>\n\t\t\t\t\t\t\t<\/div>\n\t\t<\/section>\n\t\t\t\t<section class=\"elementor-section elementor-top-section elementor-element elementor-element-50f00318 elementor-section-boxed elementor-section-height-default elementor-section-height-default\" data-id=\"50f00318\" data-element_type=\"section\">\n\t\t\t\t\t\t<div class=\"elementor-container elementor-column-gap-default\">\n\t\t\t\t\t<div class=\"elementor-column elementor-col-100 elementor-top-column elementor-element elementor-element-2d24251d\" data-id=\"2d24251d\" data-element_type=\"column\">\n\t\t\t<div class=\"elementor-widget-wrap elementor-element-populated\">\n\t\t\t\t\t\t\t\t<div class=\"elementor-element elementor-element-5b16694 elementor-widget elementor-widget-text-editor\" data-id=\"5b16694\" data-element_type=\"widget\" data-widget_type=\"text-editor.default\">\n\t\t\t\t<div class=\"elementor-widget-container\">\n\t\t\t\t\t\t\t<p><strong>Project 3<\/strong><\/p><p>Csaba Olasz, University of Szeged<\/p><p>Nikola Gavri\u0107, University of Novi Sad<\/p><p>David Csaba, MTA KOKI<\/p><p>M\u00e1t\u00e9 D\u00e1vid Vr\u00e1bel, University of Szeged<\/p><p><a href=\"https:\/\/handwritingid.wordpress.com\/\"><strong>Project 7<\/strong><\/a><\/p><p>Gabor Leko, University of Szeged<\/p><p>Milan Markovi\u0107, University of Novi Sad<\/p><p>Aleksandar Anti\u0107, University of Novi Sad<\/p><p><strong>Project 8<\/strong><\/p><p>Andrey Zhylka,\u00a0Belarusian State University<\/p><p>Vanja \u0106ur\u010di\u0107, University of Novi Sad<\/p><p>Jelena Trti\u0107, University of Novi Sad<\/p><p>Milica Lazor,\u00a0University of Novi Sad<\/p><p>Branislav Vezelic,\u00a0University of Novi Sad<\/p><p><a href=\"http:\/\/www.inf.u-szeged.hu\/~jszucs\/ssip2017\/\"><strong>Project 10<\/strong><\/a><\/p><p>Judit Sz\u0171cs, University of Szeged<\/p><p>Aleksandar Sosaljski, University of Novi Sad<\/p><p>Aleksandar Pavlovi\u0107, University of Novi Sad<\/p><p>Milo\u0161 Kudus,\u00a0University of Novi Sad<\/p><p><a href=\"https:\/\/imagedenoisingforelectronmicroscopy.wordpress.com\/\"><strong>Project 11<\/strong><\/a><\/p><p>Ivana Pepi\u0107, University of Novi Sad<\/p><p>Buda Baji\u0107,\u00a0University of Novi Sad<\/p><p>Anindya Gupta, Tallinn University of Technology<\/p><p>Amit Suveer, Uppsala University<\/p>\t\t\t\t\t\t<\/div>\n\t\t\t\t<\/div>\n\t\t\t\t<div class=\"elementor-element elementor-element-42610da elementor-widget elementor-widget-spacer\" data-id=\"42610da\" data-element_type=\"widget\" data-widget_type=\"spacer.default\">\n\t\t\t\t<div class=\"elementor-widget-container\">\n\t\t\t\t\t<div class=\"elementor-spacer\">\n\t\t\t<div class=\"elementor-spacer-inner\"><\/div>\n\t\t<\/div>\n\t\t\t\t<\/div>\n\t\t\t\t<\/div>\n\t\t\t\t\t<\/div>\n\t\t<\/div>\n\t\t\t\t\t\t\t<\/div>\n\t\t<\/section>\n\t\t\t\t<section class=\"elementor-section elementor-top-section elementor-element elementor-element-2510fc46 elementor-section-boxed elementor-section-height-default elementor-section-height-default\" data-id=\"2510fc46\" data-element_type=\"section\" data-settings=\"{&quot;background_background&quot;:&quot;classic&quot;}\">\n\t\t\t\t\t\t<div class=\"elementor-container elementor-column-gap-default\">\n\t\t\t\t\t<div class=\"elementor-column elementor-col-100 elementor-top-column elementor-element elementor-element-640b1b4e\" data-id=\"640b1b4e\" data-element_type=\"column\">\n\t\t\t<div class=\"elementor-widget-wrap elementor-element-populated\">\n\t\t\t\t\t\t\t\t<div class=\"elementor-element elementor-element-6213c318 elementor-widget elementor-widget-spacer\" data-id=\"6213c318\" data-element_type=\"widget\" data-widget_type=\"spacer.default\">\n\t\t\t\t<div class=\"elementor-widget-container\">\n\t\t\t\t\t<div class=\"elementor-spacer\">\n\t\t\t<div class=\"elementor-spacer-inner\"><\/div>\n\t\t<\/div>\n\t\t\t\t<\/div>\n\t\t\t\t<\/div>\n\t\t\t\t<div class=\"elementor-element elementor-element-3992d82a elementor-widget elementor-widget-text-editor\" data-id=\"3992d82a\" data-element_type=\"widget\" data-widget_type=\"text-editor.default\">\n\t\t\t\t<div class=\"elementor-widget-container\">\n\t\t\t\t\t\t\t<p><a>Designed and developed by the SSIP 2017 Team<\/a><\/p>\t\t\t\t\t\t<\/div>\n\t\t\t\t<\/div>\n\t\t\t\t<div class=\"elementor-element elementor-element-5f3bb5f8 elementor-widget elementor-widget-spacer\" data-id=\"5f3bb5f8\" data-element_type=\"widget\" data-widget_type=\"spacer.default\">\n\t\t\t\t<div class=\"elementor-widget-container\">\n\t\t\t\t\t<div class=\"elementor-spacer\">\n\t\t\t<div class=\"elementor-spacer-inner\"><\/div>\n\t\t<\/div>\n\t\t\t\t<\/div>\n\t\t\t\t<\/div>\n\t\t\t\t\t<\/div>\n\t\t<\/div>\n\t\t\t\t\t\t\t<\/div>\n\t\t<\/section>\n\t\t\t\t\t\t\t<\/div>\n\t\t","protected":false},"excerpt":{"rendered":"<p>SSIP 2017 HOME IMPORTANT DATES REGISTRATION PROGRAM LECTURERS VENUE HISTORY COMMITTEE PHOTOS PROJECTS X PROJECTS Home\u00a0\/ Projects Here you can find the\u00a0projects description of the projects you will be working upon during SSIP 2017. Projects division: Project 1 ==Best rated Project== Karlo Koscevic, University of Zagreb Diana Bocancea, University of Turku, Finland An\u0111ela \u0160aleti\u0107, University [&hellip;]<\/p>\n","protected":false},"author":2,"featured_media":0,"parent":0,"menu_order":0,"comment_status":"closed","ping_status":"closed","template":"elementor_canvas","meta":{"footnotes":""},"class_list":["post-29","page","type-page","status-publish","hentry"],"_links":{"self":[{"href":"http:\/\/imft.ftn.uns.ac.rs\/ssip2017\/wp-json\/wp\/v2\/pages\/29","targetHints":{"allow":["GET"]}}],"collection":[{"href":"http:\/\/imft.ftn.uns.ac.rs\/ssip2017\/wp-json\/wp\/v2\/pages"}],"about":[{"href":"http:\/\/imft.ftn.uns.ac.rs\/ssip2017\/wp-json\/wp\/v2\/types\/page"}],"author":[{"embeddable":true,"href":"http:\/\/imft.ftn.uns.ac.rs\/ssip2017\/wp-json\/wp\/v2\/users\/2"}],"replies":[{"embeddable":true,"href":"http:\/\/imft.ftn.uns.ac.rs\/ssip2017\/wp-json\/wp\/v2\/comments?post=29"}],"version-history":[{"count":31,"href":"http:\/\/imft.ftn.uns.ac.rs\/ssip2017\/wp-json\/wp\/v2\/pages\/29\/revisions"}],"predecessor-version":[{"id":388,"href":"http:\/\/imft.ftn.uns.ac.rs\/ssip2017\/wp-json\/wp\/v2\/pages\/29\/revisions\/388"}],"wp:attachment":[{"href":"http:\/\/imft.ftn.uns.ac.rs\/ssip2017\/wp-json\/wp\/v2\/media?parent=29"}],"curies":[{"name":"wp","href":"https:\/\/api.w.org\/{rel}","templated":true}]}}